{"id":2727,"date":"2025-04-29T20:58:53","date_gmt":"2025-04-29T20:58:53","guid":{"rendered":"https:\/\/domloge.com\/?page_id=2727"},"modified":"2026-02-02T10:41:30","modified_gmt":"2026-02-02T10:41:30","slug":"privacy","status":"publish","type":"page","link":"https:\/\/domloge.com\/en\/privacy\/","title":{"rendered":"Privacy Policy"},"content":{"rendered":"\t\t<div data-elementor-type=\"wp-page\" data-elementor-id=\"2727\" class=\"elementor elementor-2727 elementor-2317\" data-elementor-post-type=\"page\">\n\t\t\t\t<div data-particle_enable=\"false\" data-particle-mobile-disabled=\"false\" class=\"elementor-element elementor-element-f53ca6c e-flex e-con-boxed e-con e-child\" data-id=\"f53ca6c\" data-element_type=\"container\" data-e-type=\"container\" data-settings=\"{&quot;background_background&quot;:&quot;classic&quot;}\">\n\t\t\t\t\t<div class=\"e-con-inner\">\n\t\t<div data-particle_enable=\"false\" data-particle-mobile-disabled=\"false\" class=\"elementor-element elementor-element-645f770 e-con-full e-flex e-con e-child\" data-id=\"645f770\" data-element_type=\"container\" data-e-type=\"container\">\n\t\t\t\t<div class=\"elementor-element elementor-element-f084f8c elementor-widget elementor-widget-heading\" data-id=\"f084f8c\" data-element_type=\"widget\" data-e-type=\"widget\" data-widget_type=\"heading.default\">\n\t\t\t\t<div class=\"elementor-widget-container\">\n\t\t\t\t\t<h1 class=\"elementor-heading-title elementor-size-default\">Privacy Policy<\/h1>\t\t\t\t<\/div>\n\t\t\t\t<\/div>\n\t\t\t\t<\/div>\n\t\t\t\t\t<\/div>\n\t\t\t\t<\/div>\n\t\t<div data-particle_enable=\"false\" data-particle-mobile-disabled=\"false\" class=\"elementor-element elementor-element-f107175 e-flex e-con-boxed e-con e-parent\" data-id=\"f107175\" data-element_type=\"container\" data-e-type=\"container\">\n\t\t\t\t\t<div class=\"e-con-inner\">\n\t\t<div data-particle_enable=\"false\" data-particle-mobile-disabled=\"false\" class=\"elementor-element elementor-element-070acf6 e-con-full e-flex e-con e-child\" data-id=\"070acf6\" data-element_type=\"container\" data-e-type=\"container\">\n\t\t<div data-particle_enable=\"false\" data-particle-mobile-disabled=\"false\" class=\"elementor-element elementor-element-5202b14 e-con-full e-flex e-con e-child\" data-id=\"5202b14\" data-element_type=\"container\" data-e-type=\"container\">\n\t\t\t\t<div class=\"elementor-element elementor-element-66f89d0 elementor-widget elementor-widget-heading\" data-id=\"66f89d0\" data-element_type=\"widget\" data-e-type=\"widget\" data-widget_type=\"heading.default\">\n\t\t\t\t<div class=\"elementor-widget-container\">\n\t\t\t\t\t<h6 class=\"elementor-heading-title elementor-size-default\">Privacy Policy<\/h6>\t\t\t\t<\/div>\n\t\t\t\t<\/div>\n\t\t\t\t<div class=\"elementor-element elementor-element-a01a952 elementor-widget elementor-widget-heading\" data-id=\"a01a952\" data-element_type=\"widget\" data-e-type=\"widget\" data-widget_type=\"heading.default\">\n\t\t\t\t<div class=\"elementor-widget-container\">\n\t\t\t\t\t<h2 class=\"elementor-heading-title elementor-size-default\">DOMLOGE K\u00d6LN<\/h2>\t\t\t\t<\/div>\n\t\t\t\t<\/div>\n\t\t\t\t<div class=\"elementor-element elementor-element-e9e9589 elementor-widget elementor-widget-text-editor\" data-id=\"e9e9589\" data-element_type=\"widget\" data-e-type=\"widget\" data-widget_type=\"text-editor.default\">\n\t\t\t\t<div class=\"elementor-widget-container\">\n\t\t\t\t\t\t\t\t\t<div id=\"1512028215\" class=\"u_1512028215 dmRespCol small-12 large-6 medium-6\"><div id=\"1499123491\" class=\"dmNewParagraph u_1499123491\" data-element-type=\"paragraph\" data-version=\"5\"><h3 class=\"\" data-start=\"387\" data-end=\"412\">1. Data Controller<\/h3><p class=\"\" data-start=\"413\" data-end=\"613\">The party responsible for data processing on this website is:<br data-start=\"477\" data-end=\"480\" \/>COLONIA Bautr\u00e4ger GmbH<br data-start=\"506\" data-end=\"509\" \/>Benesisstra\u00dfe 24\u201332<br data-start=\"528\" data-end=\"531\" \/>50672 Cologne<br data-start=\"541\" data-end=\"544\" \/>Germany<br data-start=\"555\" data-end=\"558\" \/>Phone: +49 162 669 93 16<br data-start=\"584\" data-end=\"587\" \/>Email: <a href=\"mailto:info@domloge.com\" rel=\"noopener\" data-start=\"595\" data-end=\"611\">info@domloge.com<\/a><\/p><p class=\"\" data-start=\"615\" data-end=\"667\">Represented by the Managing Director: <strong data-start=\"652\" data-end=\"667\">Baran Bing\u00f6l<\/strong><\/p><h3 class=\"\" data-start=\"669\" data-end=\"719\">2. General Information on Data Processing<\/h3><p class=\"\" data-start=\"720\" data-end=\"929\">We take the protection of your personal data very seriously. Your personal data will be treated confidentially and in accordance with applicable data protection laws as well as this privacy policy.<\/p><p class=\"\" data-start=\"931\" data-end=\"1192\">The use of our website is generally possible without providing personal data. Wherever personal data (e.g. name, address, or email address) is collected on our pages, this is\u2014wherever possible\u2014always done on a voluntary basis.<\/p><h3 class=\"\" data-start=\"1194\" data-end=\"1292\">3. Collection and Storage of Personal Data and the Nature and Purpose of Their Use<\/h3><p class=\"\" data-start=\"1294\" data-end=\"1601\"><strong data-start=\"1294\" data-end=\"1325\">a) When Visiting the Website:<\/strong><br data-start=\"1325\" data-end=\"1328\" \/>When you access our website <a class=\"\" href=\"http:\/\/www.domloge.com\" target=\"_new\" rel=\"noopener\" data-start=\"1358\" data-end=\"1373\">www.domloge.com<\/a>, information is automatically sent by the browser on your device to our server. This information is temporarily stored in a so-called log file. The following information is recorded, for example:<\/p><ul data-start=\"1602\" data-end=\"1827\"><li class=\"\" data-start=\"1602\" data-end=\"1641\">IP address of the requesting computer<\/li><li class=\"\" data-start=\"1642\" data-end=\"1676\">Date and time of access<\/li><li class=\"\" data-start=\"1677\" data-end=\"1715\">Name and URL of the retrieved file<\/li><li class=\"\" data-start=\"1716\" data-end=\"1760\">Website from which the access originates<\/li><li class=\"\" data-start=\"1761\" data-end=\"1827\">Browser used and, if applicable, the operating system of your computer<\/li><\/ul><p class=\"\" data-start=\"1829\" data-end=\"1901\">The aforementioned data are processed by us for the following purposes:<\/p><ul data-start=\"1902\" data-end=\"2042\"><li class=\"\" data-start=\"1902\" data-end=\"1959\">Ensuring a smooth connection setup<\/li><li class=\"\" data-start=\"1960\" data-end=\"2011\">Evaluation of system security and stability<\/li><li class=\"\" data-start=\"2012\" data-end=\"2042\">For administrative purposes<\/li><\/ul><p class=\"\" data-start=\"2044\" data-end=\"2192\">The legal basis for data processing is Article 6(1)(f) GDPR. Our legitimate interest arises from the aforementioned purposes.<\/p><p class=\"\" data-start=\"2194\" data-end=\"2505\"><strong data-start=\"2194\" data-end=\"2242\">b) Contact by E-Mail or Contact Form:<\/strong><br data-start=\"2242\" data-end=\"2245\" \/>If you contact us by e-mail or via a form, the data you provide (including the contact details you submit) will be stored by us for the purpose of processing the inquiry and in case of follow-up questions (Article 6(1)(b) GDPR).<\/p><h3 class=\"\" data-start=\"2507\" data-end=\"2536\">4. Disclosure of Data<\/h3><p class=\"\" data-start=\"2537\" data-end=\"2624\">Your personal data will not be transferred to third parties unless:<\/p><ul data-start=\"2625\" data-end=\"2879\"><li class=\"\" data-start=\"2625\" data-end=\"2683\">You have given your explicit consent<\/li><li class=\"\" data-start=\"2684\" data-end=\"2794\">The disclosure is legally permissible and necessary for processing contractual relationships with you<\/li><li class=\"\" data-start=\"2795\" data-end=\"2879\">There is a legal obligation to disclose (e.g. to authorities)<\/li><\/ul><h3 class=\"\" data-start=\"2881\" data-end=\"2923\">5. Your Rights as a Data Subject<\/h3><p class=\"\" data-start=\"2924\" data-end=\"2964\">You have the following rights under the GDPR:<\/p><ul data-start=\"2965\" data-end=\"3276\"><li class=\"\" data-start=\"2965\" data-end=\"3017\">Right of access to your stored data<\/li><li class=\"\" data-start=\"3018\" data-end=\"3090\">Right to rectification, erasure, or restriction of processing<\/li><li class=\"\" data-start=\"3091\" data-end=\"3139\">Right to object to processing<\/li><li class=\"\" data-start=\"3140\" data-end=\"3174\">Right to data portability<\/li><li class=\"\" data-start=\"3175\" data-end=\"3276\">Right to lodge a complaint with a supervisory authority (e.g. the Data Protection Officer for NRW)<\/li><\/ul><h3 class=\"\" data-start=\"3278\" data-end=\"3302\">6. Data Security<\/h3><p class=\"\" data-start=\"3303\" data-end=\"3684\">We use the standard SSL procedure (Secure Socket Layer) in conjunction with the highest level of encryption supported by your browser during your visit. Additionally, we protect our systems with technical and organizational measures against loss, destruction, access, alteration, or dissemination of your data by unauthorized persons.<\/p><h3 class=\"\" data-start=\"3686\" data-end=\"3746\">7. Currency and Changes to this Privacy Policy<\/h3><p class=\"\" data-start=\"3747\" data-end=\"3977\">This privacy policy is currently valid and has the status April 2025. Due to the further development of our website or changes in legal requirements, it may become necessary to amend this privacy policy.<\/p><p class=\"\" data-start=\"3979\" data-end=\"4107\">The current privacy policy can be accessed at any time on our website at <a href=\"http:\/\/www.domloge.com\/datenschutzerklaerung\" target=\"_new\" rel=\"noopener\" data-start=\"4062\" data-end=\"4089\">www.domloge.com\/datenschutzerklaerung<\/a>.<\/p><\/div><\/div>\t\t\t\t\t\t\t\t<\/div>\n\t\t\t\t<\/div>\n\t\t\t\t<\/div>\n\t\t\t\t<\/div>\n\t\t\t\t\t<\/div>\n\t\t\t\t<\/div>\n\t\t\t\t<\/div>\n\t\t","protected":false},"excerpt":{"rendered":"<p>Privacy Policy Privacy Policy DOMLOGE K\u00d6LN 1. Data Controller The party responsible for data processing on this website is:COLONIA Bautr\u00e4ger GmbHBenesisstra\u00dfe 24\u20133250672 CologneGermanyPhone: +49 162 669 93 16Email: info@domloge.com Represented by the Managing Director: Baran Bing\u00f6l 2. General Information on Data Processing We take the protection of your personal data very seriously. Your personal data [&hellip;]<\/p>\n","protected":false},"author":2,"featured_media":0,"parent":0,"menu_order":0,"comment_status":"closed","ping_status":"closed","template":"","meta":{"footnotes":""},"class_list":["post-2727","page","type-page","status-publish","hentry"],"_links":{"self":[{"href":"https:\/\/domloge.com\/en\/wp-json\/wp\/v2\/pages\/2727","targetHints":{"allow":["GET"]}}],"collection":[{"href":"https:\/\/domloge.com\/en\/wp-json\/wp\/v2\/pages"}],"about":[{"href":"https:\/\/domloge.com\/en\/wp-json\/wp\/v2\/types\/page"}],"author":[{"embeddable":true,"href":"https:\/\/domloge.com\/en\/wp-json\/wp\/v2\/users\/2"}],"replies":[{"embeddable":true,"href":"https:\/\/domloge.com\/en\/wp-json\/wp\/v2\/comments?post=2727"}],"version-history":[{"count":11,"href":"https:\/\/domloge.com\/en\/wp-json\/wp\/v2\/pages\/2727\/revisions"}],"predecessor-version":[{"id":3609,"href":"https:\/\/domloge.com\/en\/wp-json\/wp\/v2\/pages\/2727\/revisions\/3609"}],"wp:attachment":[{"href":"https:\/\/domloge.com\/en\/wp-json\/wp\/v2\/media?parent=2727"}],"curies":[{"name":"wp","href":"https:\/\/api.w.org\/{rel}","templated":true}]}}